{"id":7664,"date":"2025-02-07T15:40:35","date_gmt":"2025-02-07T15:40:35","guid":{"rendered":"https:\/\/selvamatemagica.com\/?post_type=product&#038;p=7664"},"modified":"2025-12-30T19:43:07","modified_gmt":"2025-12-30T19:43:07","slug":"plataforma-digital-para-profesores","status":"publish","type":"product","link":"https:\/\/selvamatemagica.com\/?product=plataforma-digital-para-profesores","title":{"rendered":"Plataforma Digital para Profesores"},"content":{"rendered":"<p><strong>\u00bfQu\u00e9 incluye?<\/strong><br \/>\n\u2705\u00a0<strong>Videos tutoriales por lecci\u00f3n:<\/strong>\u00a0Aprende\u00a0<strong>c\u00f3mo<\/strong>\u00a0ense\u00f1ar cada tema con la metodolog\u00eda Selva Matem\u00e1gica.<br \/>\n\u2705\u00a0<strong>Ejercicios interactivos:<\/strong>\u00a0Aplica estrategias pr\u00e1cticas y din\u00e1micas para reforzar los conceptos en clase.<br \/>\n\u2705\u00a0<strong>C\u00e1lculo mental y tablas de multiplicar:<\/strong>\u00a0Estrategias para agilizar el pensamiento matem\u00e1tico de tus alumnos.<br \/>\n\u2705\u00a0<strong>Seguimiento personalizado:<\/strong>\u00a0Accede a reportes detallados sobre el avance y desempe\u00f1o de cada estudiante.<\/p>\n<p>\ud83d\udca1\u00a0<strong>\u00bfPor qu\u00e9 los docentes la aman?<\/strong><br \/>\n\ud83d\udd39\u00a0<strong>Aprendes nuevas estrategias para hacer las matem\u00e1ticas f\u00e1ciles y comprensibles.<\/strong><br \/>\n\ud83d\udd39\u00a0<strong>Ahorras tiempo en la planeaci\u00f3n de clases y refuerzos.<\/strong><br \/>\n\ud83d\udd39\u00a0<strong>Ves en tiempo real el avance de cada alumno y detectas \u00e1reas de oportunidad.<\/strong><\/p>\n","protected":false},"excerpt":{"rendered":"<p><strong>Puede hacer que ense\u00f1ar matem\u00e1ticas sea m\u00e1s f\u00e1cil de lo que imaginaste.<\/strong><\/p>\n<p>Si alguna vez has sentido que ense\u00f1ar matem\u00e1ticas es un reto, esta plataforma est\u00e1 hecha para ti.\u00a0<strong>La Plataforma Digital para Profesores de Selva Matem\u00e1gica<\/strong>\u00a0te da las herramientas para que tus alumnos comprendan\u00a0<strong>de verdad<\/strong>\u00a0los conceptos matem\u00e1ticos, sin memorizaciones ni frustraciones.<\/p>\n<p><strong>\u00a1Convi\u00e9rtete en el maestro de matem\u00e1ticas que tus alumnos recordar\u00e1n siempre!<\/strong><\/p>\n<p>Precio: <span style=\"font-size: 20px;\"><strong>MX$1100<\/strong><\/span><\/p>\n<p><a href=\"https:\/\/wa.me\/524462868486?text=Hola%2C%20me%20interesa%20m\u00e1s%20informaci\u00f3n%20sobre%20el%20producto\"><img decoding=\"async\" class=\"alignnone wp-image-9356 size-full\" src=\"https:\/\/selvamatemagica.com\/wp-content\/uploads\/2025\/02\/haz.jpg\" alt=\"\" width=\"239\" height=\"48\" \/><\/a><\/p>\n","protected":false},"featured_media":7669,"comment_status":"open","ping_status":"closed","template":"","meta":{"_joinchat":[]},"product_brand":[],"product_cat":[15],"product_tag":[],"class_list":{"0":"post-7664","1":"product","2":"type-product","3":"status-publish","4":"has-post-thumbnail","6":"product_cat-uncategorized","8":"first","9":"instock","10":"shipping-taxable","11":"product-type-simple"},"yoast_head":"<!-- This site is optimized with the Yoast SEO plugin v27.4 - https:\/\/yoast.com\/product\/yoast-seo-wordpress\/ -->\n<title>Plataforma Digital para Profesores - SelvaMatem&aacute;gica<\/title>\n<meta name=\"robots\" content=\"index, follow, max-snippet:-1, max-image-preview:large, max-video-preview:-1\" \/>\n<link rel=\"canonical\" href=\"https:\/\/selvamatemagica.com\/?product=plataforma-digital-para-profesores\" \/>\n<meta property=\"og:locale\" content=\"es_ES\" \/>\n<meta property=\"og:type\" content=\"article\" \/>\n<meta property=\"og:title\" content=\"Plataforma Digital para Profesores - SelvaMatem&aacute;gica\" \/>\n<meta property=\"og:description\" content=\"Puede hacer que ense\u00f1ar matem\u00e1ticas sea m\u00e1s f\u00e1cil de lo que imaginaste.  Si alguna vez has sentido que ense\u00f1ar matem\u00e1ticas es un reto, esta plataforma est\u00e1 hecha para ti.\u00a0La Plataforma Digital para Profesores de Selva Matem\u00e1gica\u00a0te da las herramientas para que tus alumnos comprendan\u00a0de verdad\u00a0los conceptos matem\u00e1ticos, sin memorizaciones ni frustraciones.  \u00a1Convi\u00e9rtete en el maestro de matem\u00e1ticas que tus alumnos recordar\u00e1n siempre!  Precio: MX$1100\" \/>\n<meta property=\"og:url\" content=\"https:\/\/selvamatemagica.com\/?product=plataforma-digital-para-profesores\" \/>\n<meta property=\"og:site_name\" content=\"SelvaMatem&aacute;gica\" \/>\n<meta property=\"article:modified_time\" content=\"2025-12-30T19:43:07+00:00\" \/>\n<meta property=\"og:image\" content=\"https:\/\/selvamatemagica.com\/wp-content\/uploads\/2025\/02\/WhatsApp-Image-2025-02-06-at-11.16.28-AM-1.jpeg\" \/>\n\t<meta property=\"og:image:width\" content=\"1600\" \/>\n\t<meta property=\"og:image:height\" content=\"1039\" \/>\n\t<meta property=\"og:image:type\" content=\"image\/jpeg\" \/>\n<meta name=\"twitter:card\" content=\"summary_large_image\" \/>\n<meta name=\"twitter:label1\" content=\"Tiempo de lectura\" \/>\n\t<meta name=\"twitter:data1\" content=\"1 minuto\" \/>\n<script type=\"application\/ld+json\" class=\"yoast-schema-graph\">{\"@context\":\"https:\\\/\\\/schema.org\",\"@graph\":[{\"@type\":\"WebPage\",\"@id\":\"https:\\\/\\\/selvamatemagica.com\\\/?product=plataforma-digital-para-profesores\",\"url\":\"https:\\\/\\\/selvamatemagica.com\\\/?product=plataforma-digital-para-profesores\",\"name\":\"Plataforma Digital para Profesores - SelvaMatem&aacute;gica\",\"isPartOf\":{\"@id\":\"https:\\\/\\\/selvamatemagica.com\\\/#website\"},\"primaryImageOfPage\":{\"@id\":\"https:\\\/\\\/selvamatemagica.com\\\/?product=plataforma-digital-para-profesores#primaryimage\"},\"image\":{\"@id\":\"https:\\\/\\\/selvamatemagica.com\\\/?product=plataforma-digital-para-profesores#primaryimage\"},\"thumbnailUrl\":\"https:\\\/\\\/selvamatemagica.com\\\/wp-content\\\/uploads\\\/2025\\\/02\\\/WhatsApp-Image-2025-02-06-at-11.16.28-AM-1.jpeg\",\"datePublished\":\"2025-02-07T15:40:35+00:00\",\"dateModified\":\"2025-12-30T19:43:07+00:00\",\"breadcrumb\":{\"@id\":\"https:\\\/\\\/selvamatemagica.com\\\/?product=plataforma-digital-para-profesores#breadcrumb\"},\"inLanguage\":\"es\",\"potentialAction\":[{\"@type\":\"ReadAction\",\"target\":[\"https:\\\/\\\/selvamatemagica.com\\\/?product=plataforma-digital-para-profesores\"]}]},{\"@type\":\"ImageObject\",\"inLanguage\":\"es\",\"@id\":\"https:\\\/\\\/selvamatemagica.com\\\/?product=plataforma-digital-para-profesores#primaryimage\",\"url\":\"https:\\\/\\\/selvamatemagica.com\\\/wp-content\\\/uploads\\\/2025\\\/02\\\/WhatsApp-Image-2025-02-06-at-11.16.28-AM-1.jpeg\",\"contentUrl\":\"https:\\\/\\\/selvamatemagica.com\\\/wp-content\\\/uploads\\\/2025\\\/02\\\/WhatsApp-Image-2025-02-06-at-11.16.28-AM-1.jpeg\",\"width\":1600,\"height\":1039},{\"@type\":\"BreadcrumbList\",\"@id\":\"https:\\\/\\\/selvamatemagica.com\\\/?product=plataforma-digital-para-profesores#breadcrumb\",\"itemListElement\":[{\"@type\":\"ListItem\",\"position\":1,\"name\":\"Portada\",\"item\":\"https:\\\/\\\/selvamatemagica.com\\\/\"},{\"@type\":\"ListItem\",\"position\":2,\"name\":\"Productos\",\"item\":\"https:\\\/\\\/selvamatemagica.com\\\/?post_type=product\"},{\"@type\":\"ListItem\",\"position\":3,\"name\":\"Plataforma Digital para Profesores\"}]},{\"@type\":\"WebSite\",\"@id\":\"https:\\\/\\\/selvamatemagica.com\\\/#website\",\"url\":\"https:\\\/\\\/selvamatemagica.com\\\/\",\"name\":\"SelvaMatem&aacute;gica\",\"description\":\"S&oacute;lo otro sitio de WordPress\",\"potentialAction\":[{\"@type\":\"SearchAction\",\"target\":{\"@type\":\"EntryPoint\",\"urlTemplate\":\"https:\\\/\\\/selvamatemagica.com\\\/?s={search_term_string}\"},\"query-input\":{\"@type\":\"PropertyValueSpecification\",\"valueRequired\":true,\"valueName\":\"search_term_string\"}}],\"inLanguage\":\"es\"}]}<\/script>\n<!-- \/ Yoast SEO plugin. -->","yoast_head_json":{"title":"Plataforma Digital para Profesores - SelvaMatem&aacute;gica","robots":{"index":"index","follow":"follow","max-snippet":"max-snippet:-1","max-image-preview":"max-image-preview:large","max-video-preview":"max-video-preview:-1"},"canonical":"https:\/\/selvamatemagica.com\/?product=plataforma-digital-para-profesores","og_locale":"es_ES","og_type":"article","og_title":"Plataforma Digital para Profesores - SelvaMatem&aacute;gica","og_description":"Puede hacer que ense\u00f1ar matem\u00e1ticas sea m\u00e1s f\u00e1cil de lo que imaginaste.  Si alguna vez has sentido que ense\u00f1ar matem\u00e1ticas es un reto, esta plataforma est\u00e1 hecha para ti.\u00a0La Plataforma Digital para Profesores de Selva Matem\u00e1gica\u00a0te da las herramientas para que tus alumnos comprendan\u00a0de verdad\u00a0los conceptos matem\u00e1ticos, sin memorizaciones ni frustraciones.  \u00a1Convi\u00e9rtete en el maestro de matem\u00e1ticas que tus alumnos recordar\u00e1n siempre!  Precio: MX$1100","og_url":"https:\/\/selvamatemagica.com\/?product=plataforma-digital-para-profesores","og_site_name":"SelvaMatem&aacute;gica","article_modified_time":"2025-12-30T19:43:07+00:00","og_image":[{"width":1600,"height":1039,"url":"https:\/\/selvamatemagica.com\/wp-content\/uploads\/2025\/02\/WhatsApp-Image-2025-02-06-at-11.16.28-AM-1.jpeg","type":"image\/jpeg"}],"twitter_card":"summary_large_image","twitter_misc":{"Tiempo de lectura":"1 minuto"},"schema":{"@context":"https:\/\/schema.org","@graph":[{"@type":"WebPage","@id":"https:\/\/selvamatemagica.com\/?product=plataforma-digital-para-profesores","url":"https:\/\/selvamatemagica.com\/?product=plataforma-digital-para-profesores","name":"Plataforma Digital para Profesores - SelvaMatem&aacute;gica","isPartOf":{"@id":"https:\/\/selvamatemagica.com\/#website"},"primaryImageOfPage":{"@id":"https:\/\/selvamatemagica.com\/?product=plataforma-digital-para-profesores#primaryimage"},"image":{"@id":"https:\/\/selvamatemagica.com\/?product=plataforma-digital-para-profesores#primaryimage"},"thumbnailUrl":"https:\/\/selvamatemagica.com\/wp-content\/uploads\/2025\/02\/WhatsApp-Image-2025-02-06-at-11.16.28-AM-1.jpeg","datePublished":"2025-02-07T15:40:35+00:00","dateModified":"2025-12-30T19:43:07+00:00","breadcrumb":{"@id":"https:\/\/selvamatemagica.com\/?product=plataforma-digital-para-profesores#breadcrumb"},"inLanguage":"es","potentialAction":[{"@type":"ReadAction","target":["https:\/\/selvamatemagica.com\/?product=plataforma-digital-para-profesores"]}]},{"@type":"ImageObject","inLanguage":"es","@id":"https:\/\/selvamatemagica.com\/?product=plataforma-digital-para-profesores#primaryimage","url":"https:\/\/selvamatemagica.com\/wp-content\/uploads\/2025\/02\/WhatsApp-Image-2025-02-06-at-11.16.28-AM-1.jpeg","contentUrl":"https:\/\/selvamatemagica.com\/wp-content\/uploads\/2025\/02\/WhatsApp-Image-2025-02-06-at-11.16.28-AM-1.jpeg","width":1600,"height":1039},{"@type":"BreadcrumbList","@id":"https:\/\/selvamatemagica.com\/?product=plataforma-digital-para-profesores#breadcrumb","itemListElement":[{"@type":"ListItem","position":1,"name":"Portada","item":"https:\/\/selvamatemagica.com\/"},{"@type":"ListItem","position":2,"name":"Productos","item":"https:\/\/selvamatemagica.com\/?post_type=product"},{"@type":"ListItem","position":3,"name":"Plataforma Digital para Profesores"}]},{"@type":"WebSite","@id":"https:\/\/selvamatemagica.com\/#website","url":"https:\/\/selvamatemagica.com\/","name":"SelvaMatem&aacute;gica","description":"S&oacute;lo otro sitio de WordPress","potentialAction":[{"@type":"SearchAction","target":{"@type":"EntryPoint","urlTemplate":"https:\/\/selvamatemagica.com\/?s={search_term_string}"},"query-input":{"@type":"PropertyValueSpecification","valueRequired":true,"valueName":"search_term_string"}}],"inLanguage":"es"}]}},"_links":{"self":[{"href":"https:\/\/selvamatemagica.com\/index.php?rest_route=\/wp\/v2\/product\/7664","targetHints":{"allow":["GET"]}}],"collection":[{"href":"https:\/\/selvamatemagica.com\/index.php?rest_route=\/wp\/v2\/product"}],"about":[{"href":"https:\/\/selvamatemagica.com\/index.php?rest_route=\/wp\/v2\/types\/product"}],"replies":[{"embeddable":true,"href":"https:\/\/selvamatemagica.com\/index.php?rest_route=%2Fwp%2Fv2%2Fcomments&post=7664"}],"wp:featuredmedia":[{"embeddable":true,"href":"https:\/\/selvamatemagica.com\/index.php?rest_route=\/wp\/v2\/media\/7669"}],"wp:attachment":[{"href":"https:\/\/selvamatemagica.com\/index.php?rest_route=%2Fwp%2Fv2%2Fmedia&parent=7664"}],"wp:term":[{"taxonomy":"product_brand","embeddable":true,"href":"https:\/\/selvamatemagica.com\/index.php?rest_route=%2Fwp%2Fv2%2Fproduct_brand&post=7664"},{"taxonomy":"product_cat","embeddable":true,"href":"https:\/\/selvamatemagica.com\/index.php?rest_route=%2Fwp%2Fv2%2Fproduct_cat&post=7664"},{"taxonomy":"product_tag","embeddable":true,"href":"https:\/\/selvamatemagica.com\/index.php?rest_route=%2Fwp%2Fv2%2Fproduct_tag&post=7664"}],"curies":[{"name":"wp","href":"https:\/\/api.w.org\/{rel}","templated":true}]}}