{"id":7670,"date":"2025-02-07T15:42:47","date_gmt":"2025-02-07T15:42:47","guid":{"rendered":"https:\/\/selvamatemagica.com\/?post_type=product&#038;p=7670"},"modified":"2025-12-30T19:42:29","modified_gmt":"2025-12-30T19:42:29","slug":"curso-para-maestros-nivel-1","status":"publish","type":"product","link":"https:\/\/selvamatemagica.com\/?product=curso-para-maestros-nivel-1","title":{"rendered":"Plataforma Digital de Docente de Selva Matem\u00e1gica"},"content":{"rendered":"<p><strong>\u00bfQu\u00e9 aprender\u00e1s?<\/strong><br \/>\n\u2714\u00a0<strong>Conteo del 0 al 999<\/strong>\u00a0\u2013 Construye bases s\u00f3lidas desde los primeros n\u00fameros.<br \/>\n\u2714\u00a0<strong>Estrategias de suma y resta<\/strong>\u00a0\u2013 M\u00e9todos intuitivos para que los alumnos las dominen sin miedo.<br \/>\n\u2714\u00a0<strong>Operaciones b\u00e1sicas con y sin transformaci\u00f3n<\/strong>\u00a0\u2013 Adi\u00f3s a la memorizaci\u00f3n, hola a la comprensi\u00f3n real.<br \/>\n\u2714\u00a0<strong>Fracciones (b\u00e1sico e intermedio)<\/strong>\u00a0\u2013 Nada de \u00absolo pon el mismo denominador\u00bb, aqu\u00ed lo entender\u00e1n de verdad.<br \/>\n\u2714\u00a0<strong>\u00c1reas con y sin f\u00f3rmulas<\/strong>\u00a0\u2013 Aprendizaje visual y manipulativo.<br \/>\n\u2714\u00a0<strong>Unidades de medida<\/strong>\u00a0\u2013 Para que no sigan confundiendo metros con litros.<br \/>\n\u2714\u00a0<strong>N\u00fameros decimales<\/strong>\u00a0\u2013 Explicados de forma sencilla y natural.<br \/>\n\u2714\u00a0<strong>Divisi\u00f3n y multiplicaci\u00f3n de fracciones<\/strong>\u00a0\u2013 Sin trucos ni atajos, solo l\u00f3gica pura.<\/p>\n<p>\ud83d\udfe0\u00a0<strong>\u00bfQu\u00e9 incluye?<\/strong><br \/>\n\u2705\u00a0<strong>Sesiones en vivo por Zoom<\/strong>\u00a0\u2013 Aprende directamente con nuestros expertos.<br \/>\n\u2705\u00a0<strong>Acceso a sesiones grabadas por 1 a\u00f1o<\/strong>\u00a0\u2013 Para que repases cuando quieras.<br \/>\n\u2705\u00a0<strong>Materiales recortables y presentaciones<\/strong>\u00a0\u2013 Herramientas listas para aplicar en clase.<br \/>\n\u2705\u00a0<strong>Certificado respaldado por SEP-CONOCER<\/strong>\u00a0\u2013 Reconocimiento oficial para tu desarrollo profesional.<br \/>\n\u2705\u00a0<strong>Acceso a nuestra comunidad de maestros Selva Matem\u00e1gica<\/strong>\u00a0\u2013 Aprende y comparte con otros docentes.<\/p>\n","protected":false},"excerpt":{"rendered":"<p><strong>Advertencia: Puede hacer que ense\u00f1ar matem\u00e1ticas sea sorprendentemente f\u00e1cil (y hasta divertido).<\/strong><\/p>\n<p>Si alguna vez te has preguntado\u00a0<strong>c\u00f3mo lograr que tus alumnos realmente entiendan las matem\u00e1ticas<\/strong>, este curso es para ti. En\u00a0<strong>Selva Matem\u00e1gica<\/strong>, te ense\u00f1amos a ense\u00f1ar desde un fundamento l\u00f3gico, sin mecanizaci\u00f3n ni reglas sin sentido.<\/p>\n<p>En esta plataforma encontrar\u00e1s todos los temas a Nivel Primaria, con video explicativo, ejercicios y c\u00e1lculo mental por cada tema.<\/p>\n<p>Ideal para conocer, practicar y dominar la metodolog\u00eda de Selva Matem\u00e1gica<\/p>\n<p><strong>\u00a1Convierte tus clases de matem\u00e1ticas en experiencias extraordinarias!<\/strong><\/p>\n<p>Precio: <span style=\"font-size: 20px;\"><strong>MX$1500<\/strong><\/span><\/p>\n<p><a href=\"https:\/\/wa.me\/524462868486?text=Hola%2C%20me%20interesa%20m\u00e1s%20informaci\u00f3n%20sobre%20el%20producto\"><img decoding=\"async\" class=\"alignnone wp-image-9356 size-full\" src=\"https:\/\/selvamatemagica.com\/wp-content\/uploads\/2025\/02\/haz.jpg\" alt=\"\" width=\"239\" height=\"48\" \/><\/a><\/p>\n<p>&nbsp;<\/p>\n","protected":false},"featured_media":7651,"comment_status":"open","ping_status":"closed","template":"","meta":{"_joinchat":[]},"product_brand":[],"product_cat":[15],"product_tag":[],"class_list":{"0":"post-7670","1":"product","2":"type-product","3":"status-publish","4":"has-post-thumbnail","6":"product_cat-uncategorized","8":"first","9":"instock","10":"shipping-taxable","11":"product-type-simple"},"yoast_head":"<!-- This site is optimized with the Yoast SEO plugin v27.4 - https:\/\/yoast.com\/product\/yoast-seo-wordpress\/ -->\n<title>Plataforma Digital de Docente de Selva Matem\u00e1gica - SelvaMatem&aacute;gica<\/title>\n<meta name=\"robots\" content=\"index, follow, max-snippet:-1, max-image-preview:large, max-video-preview:-1\" \/>\n<link rel=\"canonical\" href=\"https:\/\/selvamatemagica.com\/?product=curso-para-maestros-nivel-1\" \/>\n<meta property=\"og:locale\" content=\"es_ES\" \/>\n<meta property=\"og:type\" content=\"article\" \/>\n<meta property=\"og:title\" content=\"Plataforma Digital de Docente de Selva Matem\u00e1gica - SelvaMatem&aacute;gica\" \/>\n<meta property=\"og:description\" content=\"Advertencia: Puede hacer que ense\u00f1ar matem\u00e1ticas sea sorprendentemente f\u00e1cil (y hasta divertido).  Si alguna vez te has preguntado\u00a0c\u00f3mo lograr que tus alumnos realmente entiendan las matem\u00e1ticas, este curso es para ti. En\u00a0Selva Matem\u00e1gica, te ense\u00f1amos a ense\u00f1ar desde un fundamento l\u00f3gico, sin mecanizaci\u00f3n ni reglas sin sentido.  En esta plataforma encontrar\u00e1s todos los temas a Nivel Primaria, con video explicativo, ejercicios y c\u00e1lculo mental por cada tema.  Ideal para conocer, practicar y dominar la metodolog\u00eda de Selva Matem\u00e1gica  \u00a1Convierte tus clases de matem\u00e1ticas en experiencias extraordinarias!  Precio: MX$1500    &nbsp;\" \/>\n<meta property=\"og:url\" content=\"https:\/\/selvamatemagica.com\/?product=curso-para-maestros-nivel-1\" \/>\n<meta property=\"og:site_name\" content=\"SelvaMatem&aacute;gica\" \/>\n<meta property=\"article:modified_time\" content=\"2025-12-30T19:42:29+00:00\" \/>\n<meta property=\"og:image\" content=\"https:\/\/selvamatemagica.com\/wp-content\/uploads\/2025\/02\/WhatsApp-Image-2025-02-06-at-11.24.47-AM.jpeg\" \/>\n\t<meta property=\"og:image:width\" content=\"1600\" \/>\n\t<meta property=\"og:image:height\" content=\"1039\" \/>\n\t<meta property=\"og:image:type\" content=\"image\/jpeg\" \/>\n<meta name=\"twitter:card\" content=\"summary_large_image\" \/>\n<meta name=\"twitter:label1\" content=\"Tiempo de lectura\" \/>\n\t<meta name=\"twitter:data1\" content=\"1 minuto\" \/>\n<script type=\"application\/ld+json\" class=\"yoast-schema-graph\">{\"@context\":\"https:\\\/\\\/schema.org\",\"@graph\":[{\"@type\":\"WebPage\",\"@id\":\"https:\\\/\\\/selvamatemagica.com\\\/?product=curso-para-maestros-nivel-1\",\"url\":\"https:\\\/\\\/selvamatemagica.com\\\/?product=curso-para-maestros-nivel-1\",\"name\":\"Plataforma Digital de Docente de Selva Matem\u00e1gica - SelvaMatem&aacute;gica\",\"isPartOf\":{\"@id\":\"https:\\\/\\\/selvamatemagica.com\\\/#website\"},\"primaryImageOfPage\":{\"@id\":\"https:\\\/\\\/selvamatemagica.com\\\/?product=curso-para-maestros-nivel-1#primaryimage\"},\"image\":{\"@id\":\"https:\\\/\\\/selvamatemagica.com\\\/?product=curso-para-maestros-nivel-1#primaryimage\"},\"thumbnailUrl\":\"https:\\\/\\\/selvamatemagica.com\\\/wp-content\\\/uploads\\\/2025\\\/02\\\/WhatsApp-Image-2025-02-06-at-11.24.47-AM.jpeg\",\"datePublished\":\"2025-02-07T15:42:47+00:00\",\"dateModified\":\"2025-12-30T19:42:29+00:00\",\"breadcrumb\":{\"@id\":\"https:\\\/\\\/selvamatemagica.com\\\/?product=curso-para-maestros-nivel-1#breadcrumb\"},\"inLanguage\":\"es\",\"potentialAction\":[{\"@type\":\"ReadAction\",\"target\":[\"https:\\\/\\\/selvamatemagica.com\\\/?product=curso-para-maestros-nivel-1\"]}]},{\"@type\":\"ImageObject\",\"inLanguage\":\"es\",\"@id\":\"https:\\\/\\\/selvamatemagica.com\\\/?product=curso-para-maestros-nivel-1#primaryimage\",\"url\":\"https:\\\/\\\/selvamatemagica.com\\\/wp-content\\\/uploads\\\/2025\\\/02\\\/WhatsApp-Image-2025-02-06-at-11.24.47-AM.jpeg\",\"contentUrl\":\"https:\\\/\\\/selvamatemagica.com\\\/wp-content\\\/uploads\\\/2025\\\/02\\\/WhatsApp-Image-2025-02-06-at-11.24.47-AM.jpeg\",\"width\":1600,\"height\":1039},{\"@type\":\"BreadcrumbList\",\"@id\":\"https:\\\/\\\/selvamatemagica.com\\\/?product=curso-para-maestros-nivel-1#breadcrumb\",\"itemListElement\":[{\"@type\":\"ListItem\",\"position\":1,\"name\":\"Portada\",\"item\":\"https:\\\/\\\/selvamatemagica.com\\\/\"},{\"@type\":\"ListItem\",\"position\":2,\"name\":\"Productos\",\"item\":\"https:\\\/\\\/selvamatemagica.com\\\/?post_type=product\"},{\"@type\":\"ListItem\",\"position\":3,\"name\":\"Plataforma Digital de Docente de Selva Matem\u00e1gica\"}]},{\"@type\":\"WebSite\",\"@id\":\"https:\\\/\\\/selvamatemagica.com\\\/#website\",\"url\":\"https:\\\/\\\/selvamatemagica.com\\\/\",\"name\":\"SelvaMatem&aacute;gica\",\"description\":\"S&oacute;lo otro sitio de WordPress\",\"potentialAction\":[{\"@type\":\"SearchAction\",\"target\":{\"@type\":\"EntryPoint\",\"urlTemplate\":\"https:\\\/\\\/selvamatemagica.com\\\/?s={search_term_string}\"},\"query-input\":{\"@type\":\"PropertyValueSpecification\",\"valueRequired\":true,\"valueName\":\"search_term_string\"}}],\"inLanguage\":\"es\"}]}<\/script>\n<!-- \/ Yoast SEO plugin. -->","yoast_head_json":{"title":"Plataforma Digital de Docente de Selva Matem\u00e1gica - SelvaMatem&aacute;gica","robots":{"index":"index","follow":"follow","max-snippet":"max-snippet:-1","max-image-preview":"max-image-preview:large","max-video-preview":"max-video-preview:-1"},"canonical":"https:\/\/selvamatemagica.com\/?product=curso-para-maestros-nivel-1","og_locale":"es_ES","og_type":"article","og_title":"Plataforma Digital de Docente de Selva Matem\u00e1gica - SelvaMatem&aacute;gica","og_description":"Advertencia: Puede hacer que ense\u00f1ar matem\u00e1ticas sea sorprendentemente f\u00e1cil (y hasta divertido).  Si alguna vez te has preguntado\u00a0c\u00f3mo lograr que tus alumnos realmente entiendan las matem\u00e1ticas, este curso es para ti. En\u00a0Selva Matem\u00e1gica, te ense\u00f1amos a ense\u00f1ar desde un fundamento l\u00f3gico, sin mecanizaci\u00f3n ni reglas sin sentido.  En esta plataforma encontrar\u00e1s todos los temas a Nivel Primaria, con video explicativo, ejercicios y c\u00e1lculo mental por cada tema.  Ideal para conocer, practicar y dominar la metodolog\u00eda de Selva Matem\u00e1gica  \u00a1Convierte tus clases de matem\u00e1ticas en experiencias extraordinarias!  Precio: MX$1500    &nbsp;","og_url":"https:\/\/selvamatemagica.com\/?product=curso-para-maestros-nivel-1","og_site_name":"SelvaMatem&aacute;gica","article_modified_time":"2025-12-30T19:42:29+00:00","og_image":[{"width":1600,"height":1039,"url":"https:\/\/selvamatemagica.com\/wp-content\/uploads\/2025\/02\/WhatsApp-Image-2025-02-06-at-11.24.47-AM.jpeg","type":"image\/jpeg"}],"twitter_card":"summary_large_image","twitter_misc":{"Tiempo de lectura":"1 minuto"},"schema":{"@context":"https:\/\/schema.org","@graph":[{"@type":"WebPage","@id":"https:\/\/selvamatemagica.com\/?product=curso-para-maestros-nivel-1","url":"https:\/\/selvamatemagica.com\/?product=curso-para-maestros-nivel-1","name":"Plataforma Digital de Docente de Selva Matem\u00e1gica - SelvaMatem&aacute;gica","isPartOf":{"@id":"https:\/\/selvamatemagica.com\/#website"},"primaryImageOfPage":{"@id":"https:\/\/selvamatemagica.com\/?product=curso-para-maestros-nivel-1#primaryimage"},"image":{"@id":"https:\/\/selvamatemagica.com\/?product=curso-para-maestros-nivel-1#primaryimage"},"thumbnailUrl":"https:\/\/selvamatemagica.com\/wp-content\/uploads\/2025\/02\/WhatsApp-Image-2025-02-06-at-11.24.47-AM.jpeg","datePublished":"2025-02-07T15:42:47+00:00","dateModified":"2025-12-30T19:42:29+00:00","breadcrumb":{"@id":"https:\/\/selvamatemagica.com\/?product=curso-para-maestros-nivel-1#breadcrumb"},"inLanguage":"es","potentialAction":[{"@type":"ReadAction","target":["https:\/\/selvamatemagica.com\/?product=curso-para-maestros-nivel-1"]}]},{"@type":"ImageObject","inLanguage":"es","@id":"https:\/\/selvamatemagica.com\/?product=curso-para-maestros-nivel-1#primaryimage","url":"https:\/\/selvamatemagica.com\/wp-content\/uploads\/2025\/02\/WhatsApp-Image-2025-02-06-at-11.24.47-AM.jpeg","contentUrl":"https:\/\/selvamatemagica.com\/wp-content\/uploads\/2025\/02\/WhatsApp-Image-2025-02-06-at-11.24.47-AM.jpeg","width":1600,"height":1039},{"@type":"BreadcrumbList","@id":"https:\/\/selvamatemagica.com\/?product=curso-para-maestros-nivel-1#breadcrumb","itemListElement":[{"@type":"ListItem","position":1,"name":"Portada","item":"https:\/\/selvamatemagica.com\/"},{"@type":"ListItem","position":2,"name":"Productos","item":"https:\/\/selvamatemagica.com\/?post_type=product"},{"@type":"ListItem","position":3,"name":"Plataforma Digital de Docente de Selva Matem\u00e1gica"}]},{"@type":"WebSite","@id":"https:\/\/selvamatemagica.com\/#website","url":"https:\/\/selvamatemagica.com\/","name":"SelvaMatem&aacute;gica","description":"S&oacute;lo otro sitio de WordPress","potentialAction":[{"@type":"SearchAction","target":{"@type":"EntryPoint","urlTemplate":"https:\/\/selvamatemagica.com\/?s={search_term_string}"},"query-input":{"@type":"PropertyValueSpecification","valueRequired":true,"valueName":"search_term_string"}}],"inLanguage":"es"}]}},"_links":{"self":[{"href":"https:\/\/selvamatemagica.com\/index.php?rest_route=\/wp\/v2\/product\/7670","targetHints":{"allow":["GET"]}}],"collection":[{"href":"https:\/\/selvamatemagica.com\/index.php?rest_route=\/wp\/v2\/product"}],"about":[{"href":"https:\/\/selvamatemagica.com\/index.php?rest_route=\/wp\/v2\/types\/product"}],"replies":[{"embeddable":true,"href":"https:\/\/selvamatemagica.com\/index.php?rest_route=%2Fwp%2Fv2%2Fcomments&post=7670"}],"wp:featuredmedia":[{"embeddable":true,"href":"https:\/\/selvamatemagica.com\/index.php?rest_route=\/wp\/v2\/media\/7651"}],"wp:attachment":[{"href":"https:\/\/selvamatemagica.com\/index.php?rest_route=%2Fwp%2Fv2%2Fmedia&parent=7670"}],"wp:term":[{"taxonomy":"product_brand","embeddable":true,"href":"https:\/\/selvamatemagica.com\/index.php?rest_route=%2Fwp%2Fv2%2Fproduct_brand&post=7670"},{"taxonomy":"product_cat","embeddable":true,"href":"https:\/\/selvamatemagica.com\/index.php?rest_route=%2Fwp%2Fv2%2Fproduct_cat&post=7670"},{"taxonomy":"product_tag","embeddable":true,"href":"https:\/\/selvamatemagica.com\/index.php?rest_route=%2Fwp%2Fv2%2Fproduct_tag&post=7670"}],"curies":[{"name":"wp","href":"https:\/\/api.w.org\/{rel}","templated":true}]}}