{"id":7841,"date":"2025-02-11T15:38:08","date_gmt":"2025-02-11T15:38:08","guid":{"rendered":"https:\/\/selvamatemagica.com\/?post_type=product&#038;p=7841"},"modified":"2025-12-30T19:48:02","modified_gmt":"2025-12-30T19:48:02","slug":"libro-de-matematicas-2-de-preescolar-selva-matemagica","status":"publish","type":"product","link":"https:\/\/selvamatemagica.com\/?product=libro-de-matematicas-2-de-preescolar-selva-matemagica","title":{"rendered":"Libro de Matem\u00e1ticas \u2013 2\u00b0 de Preescolar"},"content":{"rendered":"<p><strong>\u00bfQu\u00e9 aprender\u00e1n?<\/strong><br \/>\n\u2705\u00a0<strong>Conteo y relaciones num\u00e9ricas:<\/strong>\u00a0Contar hasta el 9 y entender sucesores y antecesores.<br \/>\n\u2705\u00a0<strong>Operaciones b\u00e1sicas:<\/strong>\u00a0Introducci\u00f3n a la suma y la resta de manera clara y visual.<br \/>\n\u2705\u00a0<strong>Figuras geom\u00e9tricas:<\/strong>\u00a0Reconocimiento de formas como cuadrados, tri\u00e1ngulos y c\u00edrculos.<br \/>\n\u2705\u00a0<strong>Descomposici\u00f3n de n\u00fameros:<\/strong>\u00a0Comprender c\u00f3mo descomponer n\u00fameros como el 4, 5 y 10.<br \/>\n\u2705\u00a0<strong>Conceptos espaciales:<\/strong>\u00a0Arriba, abajo, derecha e izquierda para fortalecer la ubicaci\u00f3n espacial.<br \/>\n\u2705\u00a0<strong>Fracciones iniciales:<\/strong>\u00a0Primer acercamiento a entender partes de un todo.<\/p>\n<p>\ud83d\udca1\u00a0<strong>Ventajas:<\/strong><br \/>\n\ud83d\udd39\u00a0<strong>Aprendizaje progresivo y din\u00e1mico:<\/strong>\u00a0Las actividades est\u00e1n dise\u00f1adas para desarrollar habilidades matem\u00e1ticas paso a paso.<br \/>\n\ud83d\udd39\u00a0<strong>Est\u00edmulo visual y l\u00f3gico:<\/strong>\u00a0Ejercicios que capturan su atenci\u00f3n y los motivan a aprender.<br \/>\n\ud83d\udd39\u00a0<strong>Base s\u00f3lida para primaria:<\/strong>\u00a0Los conceptos est\u00e1n organizados para prepararlos para retos mayores.<\/p>\n<p>\ud83d\ude80\u00a0<strong>\u00a1Dale a tu peque\u00f1o la confianza y las herramientas que necesita para amar las matem\u00e1ticas!<\/strong><\/p>\n<p>\ud83d\uded2\u00a0<strong>Agr\u00e9galo al carrito y haz de las matem\u00e1ticas una experiencia emocionante.<\/strong><\/p>\n","protected":false},"excerpt":{"rendered":"<p><strong>Advertencia: Este libro podr\u00eda hacer que las matem\u00e1ticas sean la parte favorita del d\u00eda de tu peque\u00f1o.<\/strong><\/p>\n<p>El\u00a0<strong>Libro de 2\u00b0 de Preescolar de Selva Matem\u00e1gica<\/strong>\u00a0est\u00e1 dise\u00f1ado para que los ni\u00f1os\u00a0<strong>fortalezcan sus habilidades matem\u00e1ticas de forma divertida y l\u00f3gica<\/strong>, con actividades adaptadas a su edad y ritmo de aprendizaje. Cada tema est\u00e1 pensado para despertar su curiosidad y ayudarlos a entender conceptos matem\u00e1ticos clave.<\/p>\n<p>Precio: <span style=\"font-size: 20px;\"><strong>MX$680<\/strong><\/span><\/p>\n<p><a href=\"https:\/\/wa.me\/524462868486?text=Hola%2C%20me%20interesa%20m\u00e1s%20informaci\u00f3n%20sobre%20el%20producto\"><img decoding=\"async\" class=\"alignnone wp-image-9356 size-full\" src=\"https:\/\/selvamatemagica.com\/wp-content\/uploads\/2025\/02\/haz.jpg\" alt=\"\" width=\"239\" height=\"48\" \/><\/a><\/p>\n","protected":false},"featured_media":9328,"comment_status":"open","ping_status":"closed","template":"","meta":{"_joinchat":[]},"product_brand":[],"product_cat":[15],"product_tag":[],"class_list":{"0":"post-7841","1":"product","2":"type-product","3":"status-publish","4":"has-post-thumbnail","6":"product_cat-uncategorized","8":"first","9":"instock","10":"shipping-taxable","11":"product-type-simple"},"yoast_head":"<!-- This site is optimized with the Yoast SEO plugin v27.4 - https:\/\/yoast.com\/product\/yoast-seo-wordpress\/ -->\n<title>Libro de Matem\u00e1ticas \u2013 2\u00b0 de Preescolar - SelvaMatem&aacute;gica<\/title>\n<meta name=\"robots\" content=\"index, follow, max-snippet:-1, max-image-preview:large, max-video-preview:-1\" \/>\n<link rel=\"canonical\" href=\"https:\/\/selvamatemagica.com\/?product=libro-de-matematicas-2-de-preescolar-selva-matemagica\" \/>\n<meta property=\"og:locale\" content=\"es_ES\" \/>\n<meta property=\"og:type\" content=\"article\" \/>\n<meta property=\"og:title\" content=\"Libro de Matem\u00e1ticas \u2013 2\u00b0 de Preescolar - SelvaMatem&aacute;gica\" \/>\n<meta property=\"og:description\" content=\"Advertencia: Este libro podr\u00eda hacer que las matem\u00e1ticas sean la parte favorita del d\u00eda de tu peque\u00f1o.  El\u00a0Libro de 2\u00b0 de Preescolar de Selva Matem\u00e1gica\u00a0est\u00e1 dise\u00f1ado para que los ni\u00f1os\u00a0fortalezcan sus habilidades matem\u00e1ticas de forma divertida y l\u00f3gica, con actividades adaptadas a su edad y ritmo de aprendizaje. Cada tema est\u00e1 pensado para despertar su curiosidad y ayudarlos a entender conceptos matem\u00e1ticos clave.  Precio: MX$680\" \/>\n<meta property=\"og:url\" content=\"https:\/\/selvamatemagica.com\/?product=libro-de-matematicas-2-de-preescolar-selva-matemagica\" \/>\n<meta property=\"og:site_name\" content=\"SelvaMatem&aacute;gica\" \/>\n<meta property=\"article:modified_time\" content=\"2025-12-30T19:48:02+00:00\" \/>\n<meta property=\"og:image\" content=\"https:\/\/selvamatemagica.com\/wp-content\/uploads\/2025\/02\/2_1-1.jpg\" \/>\n\t<meta property=\"og:image:width\" content=\"600\" \/>\n\t<meta property=\"og:image:height\" content=\"700\" \/>\n\t<meta property=\"og:image:type\" content=\"image\/jpeg\" \/>\n<meta name=\"twitter:card\" content=\"summary_large_image\" \/>\n<meta name=\"twitter:label1\" content=\"Tiempo de lectura\" \/>\n\t<meta name=\"twitter:data1\" content=\"1 minuto\" \/>\n<script type=\"application\/ld+json\" class=\"yoast-schema-graph\">{\"@context\":\"https:\\\/\\\/schema.org\",\"@graph\":[{\"@type\":\"WebPage\",\"@id\":\"https:\\\/\\\/selvamatemagica.com\\\/?product=libro-de-matematicas-2-de-preescolar-selva-matemagica\",\"url\":\"https:\\\/\\\/selvamatemagica.com\\\/?product=libro-de-matematicas-2-de-preescolar-selva-matemagica\",\"name\":\"Libro de Matem\u00e1ticas \u2013 2\u00b0 de Preescolar - SelvaMatem&aacute;gica\",\"isPartOf\":{\"@id\":\"https:\\\/\\\/selvamatemagica.com\\\/#website\"},\"primaryImageOfPage\":{\"@id\":\"https:\\\/\\\/selvamatemagica.com\\\/?product=libro-de-matematicas-2-de-preescolar-selva-matemagica#primaryimage\"},\"image\":{\"@id\":\"https:\\\/\\\/selvamatemagica.com\\\/?product=libro-de-matematicas-2-de-preescolar-selva-matemagica#primaryimage\"},\"thumbnailUrl\":\"https:\\\/\\\/selvamatemagica.com\\\/wp-content\\\/uploads\\\/2025\\\/02\\\/2_1-1.jpg\",\"datePublished\":\"2025-02-11T15:38:08+00:00\",\"dateModified\":\"2025-12-30T19:48:02+00:00\",\"breadcrumb\":{\"@id\":\"https:\\\/\\\/selvamatemagica.com\\\/?product=libro-de-matematicas-2-de-preescolar-selva-matemagica#breadcrumb\"},\"inLanguage\":\"es\",\"potentialAction\":[{\"@type\":\"ReadAction\",\"target\":[\"https:\\\/\\\/selvamatemagica.com\\\/?product=libro-de-matematicas-2-de-preescolar-selva-matemagica\"]}]},{\"@type\":\"ImageObject\",\"inLanguage\":\"es\",\"@id\":\"https:\\\/\\\/selvamatemagica.com\\\/?product=libro-de-matematicas-2-de-preescolar-selva-matemagica#primaryimage\",\"url\":\"https:\\\/\\\/selvamatemagica.com\\\/wp-content\\\/uploads\\\/2025\\\/02\\\/2_1-1.jpg\",\"contentUrl\":\"https:\\\/\\\/selvamatemagica.com\\\/wp-content\\\/uploads\\\/2025\\\/02\\\/2_1-1.jpg\",\"width\":600,\"height\":700},{\"@type\":\"BreadcrumbList\",\"@id\":\"https:\\\/\\\/selvamatemagica.com\\\/?product=libro-de-matematicas-2-de-preescolar-selva-matemagica#breadcrumb\",\"itemListElement\":[{\"@type\":\"ListItem\",\"position\":1,\"name\":\"Portada\",\"item\":\"https:\\\/\\\/selvamatemagica.com\\\/\"},{\"@type\":\"ListItem\",\"position\":2,\"name\":\"Productos\",\"item\":\"https:\\\/\\\/selvamatemagica.com\\\/?post_type=product\"},{\"@type\":\"ListItem\",\"position\":3,\"name\":\"Libro de Matem\u00e1ticas \u2013 2\u00b0 de Preescolar\"}]},{\"@type\":\"WebSite\",\"@id\":\"https:\\\/\\\/selvamatemagica.com\\\/#website\",\"url\":\"https:\\\/\\\/selvamatemagica.com\\\/\",\"name\":\"SelvaMatem&aacute;gica\",\"description\":\"S&oacute;lo otro sitio de WordPress\",\"potentialAction\":[{\"@type\":\"SearchAction\",\"target\":{\"@type\":\"EntryPoint\",\"urlTemplate\":\"https:\\\/\\\/selvamatemagica.com\\\/?s={search_term_string}\"},\"query-input\":{\"@type\":\"PropertyValueSpecification\",\"valueRequired\":true,\"valueName\":\"search_term_string\"}}],\"inLanguage\":\"es\"}]}<\/script>\n<!-- \/ Yoast SEO plugin. -->","yoast_head_json":{"title":"Libro de Matem\u00e1ticas \u2013 2\u00b0 de Preescolar - SelvaMatem&aacute;gica","robots":{"index":"index","follow":"follow","max-snippet":"max-snippet:-1","max-image-preview":"max-image-preview:large","max-video-preview":"max-video-preview:-1"},"canonical":"https:\/\/selvamatemagica.com\/?product=libro-de-matematicas-2-de-preescolar-selva-matemagica","og_locale":"es_ES","og_type":"article","og_title":"Libro de Matem\u00e1ticas \u2013 2\u00b0 de Preescolar - SelvaMatem&aacute;gica","og_description":"Advertencia: Este libro podr\u00eda hacer que las matem\u00e1ticas sean la parte favorita del d\u00eda de tu peque\u00f1o.  El\u00a0Libro de 2\u00b0 de Preescolar de Selva Matem\u00e1gica\u00a0est\u00e1 dise\u00f1ado para que los ni\u00f1os\u00a0fortalezcan sus habilidades matem\u00e1ticas de forma divertida y l\u00f3gica, con actividades adaptadas a su edad y ritmo de aprendizaje. Cada tema est\u00e1 pensado para despertar su curiosidad y ayudarlos a entender conceptos matem\u00e1ticos clave.  Precio: MX$680","og_url":"https:\/\/selvamatemagica.com\/?product=libro-de-matematicas-2-de-preescolar-selva-matemagica","og_site_name":"SelvaMatem&aacute;gica","article_modified_time":"2025-12-30T19:48:02+00:00","og_image":[{"width":600,"height":700,"url":"https:\/\/selvamatemagica.com\/wp-content\/uploads\/2025\/02\/2_1-1.jpg","type":"image\/jpeg"}],"twitter_card":"summary_large_image","twitter_misc":{"Tiempo de lectura":"1 minuto"},"schema":{"@context":"https:\/\/schema.org","@graph":[{"@type":"WebPage","@id":"https:\/\/selvamatemagica.com\/?product=libro-de-matematicas-2-de-preescolar-selva-matemagica","url":"https:\/\/selvamatemagica.com\/?product=libro-de-matematicas-2-de-preescolar-selva-matemagica","name":"Libro de Matem\u00e1ticas \u2013 2\u00b0 de Preescolar - SelvaMatem&aacute;gica","isPartOf":{"@id":"https:\/\/selvamatemagica.com\/#website"},"primaryImageOfPage":{"@id":"https:\/\/selvamatemagica.com\/?product=libro-de-matematicas-2-de-preescolar-selva-matemagica#primaryimage"},"image":{"@id":"https:\/\/selvamatemagica.com\/?product=libro-de-matematicas-2-de-preescolar-selva-matemagica#primaryimage"},"thumbnailUrl":"https:\/\/selvamatemagica.com\/wp-content\/uploads\/2025\/02\/2_1-1.jpg","datePublished":"2025-02-11T15:38:08+00:00","dateModified":"2025-12-30T19:48:02+00:00","breadcrumb":{"@id":"https:\/\/selvamatemagica.com\/?product=libro-de-matematicas-2-de-preescolar-selva-matemagica#breadcrumb"},"inLanguage":"es","potentialAction":[{"@type":"ReadAction","target":["https:\/\/selvamatemagica.com\/?product=libro-de-matematicas-2-de-preescolar-selva-matemagica"]}]},{"@type":"ImageObject","inLanguage":"es","@id":"https:\/\/selvamatemagica.com\/?product=libro-de-matematicas-2-de-preescolar-selva-matemagica#primaryimage","url":"https:\/\/selvamatemagica.com\/wp-content\/uploads\/2025\/02\/2_1-1.jpg","contentUrl":"https:\/\/selvamatemagica.com\/wp-content\/uploads\/2025\/02\/2_1-1.jpg","width":600,"height":700},{"@type":"BreadcrumbList","@id":"https:\/\/selvamatemagica.com\/?product=libro-de-matematicas-2-de-preescolar-selva-matemagica#breadcrumb","itemListElement":[{"@type":"ListItem","position":1,"name":"Portada","item":"https:\/\/selvamatemagica.com\/"},{"@type":"ListItem","position":2,"name":"Productos","item":"https:\/\/selvamatemagica.com\/?post_type=product"},{"@type":"ListItem","position":3,"name":"Libro de Matem\u00e1ticas \u2013 2\u00b0 de Preescolar"}]},{"@type":"WebSite","@id":"https:\/\/selvamatemagica.com\/#website","url":"https:\/\/selvamatemagica.com\/","name":"SelvaMatem&aacute;gica","description":"S&oacute;lo otro sitio de WordPress","potentialAction":[{"@type":"SearchAction","target":{"@type":"EntryPoint","urlTemplate":"https:\/\/selvamatemagica.com\/?s={search_term_string}"},"query-input":{"@type":"PropertyValueSpecification","valueRequired":true,"valueName":"search_term_string"}}],"inLanguage":"es"}]}},"_links":{"self":[{"href":"https:\/\/selvamatemagica.com\/index.php?rest_route=\/wp\/v2\/product\/7841","targetHints":{"allow":["GET"]}}],"collection":[{"href":"https:\/\/selvamatemagica.com\/index.php?rest_route=\/wp\/v2\/product"}],"about":[{"href":"https:\/\/selvamatemagica.com\/index.php?rest_route=\/wp\/v2\/types\/product"}],"replies":[{"embeddable":true,"href":"https:\/\/selvamatemagica.com\/index.php?rest_route=%2Fwp%2Fv2%2Fcomments&post=7841"}],"wp:featuredmedia":[{"embeddable":true,"href":"https:\/\/selvamatemagica.com\/index.php?rest_route=\/wp\/v2\/media\/9328"}],"wp:attachment":[{"href":"https:\/\/selvamatemagica.com\/index.php?rest_route=%2Fwp%2Fv2%2Fmedia&parent=7841"}],"wp:term":[{"taxonomy":"product_brand","embeddable":true,"href":"https:\/\/selvamatemagica.com\/index.php?rest_route=%2Fwp%2Fv2%2Fproduct_brand&post=7841"},{"taxonomy":"product_cat","embeddable":true,"href":"https:\/\/selvamatemagica.com\/index.php?rest_route=%2Fwp%2Fv2%2Fproduct_cat&post=7841"},{"taxonomy":"product_tag","embeddable":true,"href":"https:\/\/selvamatemagica.com\/index.php?rest_route=%2Fwp%2Fv2%2Fproduct_tag&post=7841"}],"curies":[{"name":"wp","href":"https:\/\/api.w.org\/{rel}","templated":true}]}}